{"id":6738,"date":"2025-01-10T15:34:41","date_gmt":"2025-01-10T15:34:41","guid":{"rendered":"https:\/\/inoxdream.pt\/politique-de-confidentialite\/"},"modified":"2025-04-18T10:49:55","modified_gmt":"2025-04-18T10:49:55","slug":"politique-de-confidentialite","status":"publish","type":"page","link":"https:\/\/inoxdream.pt\/fr\/politique-de-confidentialite\/","title":{"rendered":"Politique de confidentialit\u00e9"},"content":{"rendered":"\t\t<div data-elementor-type=\"wp-page\" data-elementor-id=\"6738\" class=\"elementor elementor-6738 elementor-6638\">\n\t\t\t\t<div class=\"elementor-element elementor-element-788233b e-con-full e-flex e-con e-parent\" data-id=\"788233b\" data-element_type=\"container\" data-settings=\"{&quot;background_background&quot;:&quot;classic&quot;}\">\n\t\t\t\t<div class=\"elementor-element elementor-element-d90c16d pol_page_banner elementor-widget elementor-widget-banner-title\" data-id=\"d90c16d\" data-element_type=\"widget\" data-widget_type=\"banner-title.default\">\n\t\t\t\t<div class=\"elementor-widget-container\">\n\t\t\t\t\t<section class=\"container-fluid top-banner no-padd  big fullheight light\">\t\t\t\t<span class=\"overlay\"><\/span>\r\n\t\t\t<img decoding=\"async\" src=\"https:\/\/inoxdream.pt\/wp-content\/uploads\/2025\/01\/Sobre_Nos-scaled.jpg\" class=\"s-img-switch\" alt=\"\" \/>\t\t\t<div class=\"content\">\r\n\t\t\t\t<div class=\"prague-svg-animation-text\">\r\n\t\t\t\t\t\t\t\t\t<\/div>\r\n\t\t\t\t\t\t\t\t<h1 class=\"title\">Politique de Confidentialit\u00e9<\/h1>\t\t\t\t\t\t\t\t\t\t\t<\/div>\r\n\t\t\t<div class=\"top-banner-cursor\"><\/div>\r\n\t\t<\/section>\r\n\t\t\t\t<\/div>\n\t\t\t\t<\/div>\n\t\t\t\t<\/div>\n\t\t<div class=\"elementor-element elementor-element-946542d e-flex e-con-boxed e-con e-parent\" data-id=\"946542d\" data-element_type=\"container\" data-settings=\"{&quot;background_background&quot;:&quot;classic&quot;}\">\n\t\t\t\t\t<div class=\"e-con-inner\">\n\t\t\t\t<div class=\"elementor-element elementor-element-daa1c0d elementor-widget elementor-widget-text-editor\" data-id=\"daa1c0d\" data-element_type=\"widget\" data-widget_type=\"text-editor.default\">\n\t\t\t\t<div class=\"elementor-widget-container\">\n\t\t\t\t\t\t\t<p><br>P<strong>olitique de confidentialit\u00e9<\/strong> Cette politique de confidentialit\u00e9 s&rsquo;applique \u00e0 toutes les donn\u00e9es personnelles collect\u00e9es par le biais du site web inoxdream.pt.<br><br><br>Le <strong>responsable du<\/strong> traitement de vos donn\u00e9es personnelles est Inoxdream &#8211; Metal\u00fargica, Unipessoal Lda, dont le si\u00e8ge social est situ\u00e9 Travessa das Ind\u00fastrias, n\u00ba7, 4785-623, Pateiras, Portugal, et dont le num\u00e9ro de t\u00e9l\u00e9phone est le +351 252 414 449 (ligne fixe nationale) ou le +351 910 955 923 (mobile national). Vous pouvez nous contacter pour toute question relative \u00e0 la protection des donn\u00e9es par e-mail : geral@inoxdream.pt.<br><br><br><br><br><br>C<strong>ollecte des donn\u00e9es<\/strong> Les donn\u00e9es personnelles collect\u00e9es sur cette page sont les suivantes : &#8211; Nom ; &#8211; Courriel ; &#8211; T\u00e9l\u00e9phone.<br><br>Ces donn\u00e9es sont collect\u00e9es pour les utilisateurs qui souhaitent acheter des produits, demander des informations ou contacter Inoxdream.<br><br><br><br><br><br><br><br><br>F<strong>inalit\u00e9s du traitement<\/strong> Les donn\u00e9es personnelles trait\u00e9es par le biais de ce site web seront utilis\u00e9es exclusivement pour : &#8211; communiquer avec les clients et clarifier les doutes ; &#8211; traiter les demandes d&rsquo;information ; &#8211; demander des services\/produits ; &#8211; respecter les obligations l\u00e9gales ; &#8211; am\u00e9liorer la qualit\u00e9 du service fourni &#8211; P\u00e9riode de conservation<br><br>Vos donn\u00e9es ne seront conserv\u00e9es que pendant la p\u00e9riode n\u00e9cessaire aux fins pour lesquelles elles ont \u00e9t\u00e9 collect\u00e9es ou jusqu&rsquo;\u00e0 ce que vous exerciez votre droit d&rsquo;opposition ou de suppression, selon le cas.<br><br><br>C<strong>onsentement<\/strong> En donnant votre accord \u00e0 la pr\u00e9sente politique de confidentialit\u00e9, vous autorisez le traitement de vos donn\u00e9es \u00e0 caract\u00e8re personnel sp\u00e9cifiquement pour les finalit\u00e9s identifi\u00e9es et s\u00e9lectionn\u00e9es. Si le consentement est l\u00e9galement requis pour le traitement des donn\u00e9es \u00e0 caract\u00e8re personnel, vous avez le droit de le retirer \u00e0 tout moment, sans compromettre la l\u00e9galit\u00e9 du traitement effectu\u00e9 pr\u00e9c\u00e9demment. Pour retirer votre consentement, vous pouvez nous contacter \u00e0 l&rsquo;adresse suivante : geral@inoxdream.pt.  <br><br><br><br><br><br><br><br><br>D<strong>roits des utilisateurs<\/strong> Les utilisateurs peuvent, \u00e0 tout moment, exercer les droits suivants : &#8211; acc\u00e8s ; &#8211; rectification ; &#8211; effacement ; &#8211; limitation du traitement ; &#8211; opposition ; &#8211; portabilit\u00e9.<\/p><p><br><br><br>Pour exercer ces droits, veuillez contacter : &#8211; Adresse postale : Travessa das Ind\u00fastrias, n\u00ba7, 4785-623, Pateiras, Portugal ; &#8211; Courriel :<a href=\"mailto:geral@inoxdream.pt\">geral@inoxdream.pt<\/a>.<br><br>Vous pouvez \u00e9galement d\u00e9poser une plainte concernant le traitement des donn\u00e9es aupr\u00e8s de la Commission nationale de protection des donn\u00e9es (CNPD).<br><br><br>T<strong>ransmission des donn\u00e9es<\/strong> Le traitement des donn\u00e9es peut \u00eatre effectu\u00e9 par des prestataires de services engag\u00e9s par Inoxdream &#8211; Metal\u00fargica, Unipessoal Lda, tels que des entreprises de logistique, des transporteurs ou des plates-formes de paiement. Inoxdream s&rsquo;assure que tous les fournisseurs de services respectent strictement les r\u00e8gles de protection des donn\u00e9es personnelles et de s\u00e9curit\u00e9 de l&rsquo;information.<br><br><br>T<strong>ransferts internationaux de donn\u00e9es<\/strong> Si n\u00e9cessaire, Inoxdream &#8211; Metal\u00fargica, Unipessoal Lda. peut transf\u00e9rer des donn\u00e9es personnelles en dehors de l&rsquo;Espace \u00e9conomique europ\u00e9en (EEE), en veillant toujours au respect des dispositions l\u00e9gales applicables. <br><br><br>C<strong>aract\u00e8re obligatoire des donn\u00e9es demand\u00e9es<\/strong> Les champs marqu\u00e9s d&rsquo;un ast\u00e9risque (*) sont obligatoires. Si vous ne les remplissez pas, Inoxdream ne pourra pas donner suite \u00e0 votre demande. <br><br><br>D<strong>\u00e9cisions automatis\u00e9es<\/strong> Inoxdream &#8211; Metal\u00fargica, Unipessoal Lda. n&rsquo;utilise pas de d\u00e9cisions ou de profils automatis\u00e9s \u00e0 des fins de traitement des donn\u00e9es. <br><br><br>M<strong>esures de protection des donn\u00e9es personnelles<\/strong> Inoxdream applique des mesures techniques et organisationnelles appropri\u00e9es pour prot\u00e9ger les donn\u00e9es personnelles contre l&rsquo;acc\u00e8s non autoris\u00e9, la perte ou la divulgation inappropri\u00e9e.<br><br><strong>Modifications de la politique de confidentialit\u00e9<\/strong><br>Inoxdream &#8211; Metal\u00fargica, Unipessoal Lda. peut mettre \u00e0 jour cette politique de confidentialit\u00e9.  Nous vous recommandons de consulter r\u00e9guli\u00e8rement cette page pour rester inform\u00e9.<br><br><br>G<strong>oogle Analytics<\/strong> Le site web d&rsquo;Inoxdream utilise Google Analytics pour surveiller l&rsquo;interaction des utilisateurs avec le site. Pour plus d&rsquo;informations, consultez la politique de confidentialit\u00e9 de Google<a href=\"https:\/\/policies.google.com\/privacy?hl=pt-PT\">ici<\/a>. <\/p>\t\t\t\t\t\t<\/div>\n\t\t\t\t<\/div>\n\t\t\t\t\t<\/div>\n\t\t\t\t<\/div>\n\t\t\t\t<\/div>\n\t\t","protected":false},"excerpt":{"rendered":"<p>Politique de confidentialit\u00e9 Cette politique de confidentialit\u00e9 s&rsquo;applique \u00e0 toutes les donn\u00e9es personnelles collect\u00e9es par le biais du site web<\/p>\n","protected":false},"author":1,"featured_media":0,"parent":0,"menu_order":0,"comment_status":"closed","ping_status":"closed","template":"elementor_header_footer","meta":{"footnotes":""},"featured_image_src":"","featured_image_src_square":"","_links":{"self":[{"href":"https:\/\/inoxdream.pt\/fr\/wp-json\/wp\/v2\/pages\/6738"}],"collection":[{"href":"https:\/\/inoxdream.pt\/fr\/wp-json\/wp\/v2\/pages"}],"about":[{"href":"https:\/\/inoxdream.pt\/fr\/wp-json\/wp\/v2\/types\/page"}],"author":[{"embeddable":true,"href":"https:\/\/inoxdream.pt\/fr\/wp-json\/wp\/v2\/users\/1"}],"replies":[{"embeddable":true,"href":"https:\/\/inoxdream.pt\/fr\/wp-json\/wp\/v2\/comments?post=6738"}],"version-history":[{"count":7,"href":"https:\/\/inoxdream.pt\/fr\/wp-json\/wp\/v2\/pages\/6738\/revisions"}],"predecessor-version":[{"id":7079,"href":"https:\/\/inoxdream.pt\/fr\/wp-json\/wp\/v2\/pages\/6738\/revisions\/7079"}],"wp:attachment":[{"href":"https:\/\/inoxdream.pt\/fr\/wp-json\/wp\/v2\/media?parent=6738"}],"curies":[{"name":"wp","href":"https:\/\/api.w.org\/{rel}","templated":true}]}}