{"id":6600,"date":"2023-10-27T06:56:37","date_gmt":"2023-10-27T06:56:37","guid":{"rendered":"https:\/\/inoxdream.pt\/accueil\/"},"modified":"2025-04-18T10:51:07","modified_gmt":"2025-04-18T10:51:07","slug":"accueil","status":"publish","type":"page","link":"https:\/\/inoxdream.pt\/fr\/","title":{"rendered":"Accueil"},"content":{"rendered":"\t\t<div data-elementor-type=\"wp-page\" data-elementor-id=\"6600\" class=\"elementor elementor-6600 elementor-3006\">\n\t\t\t\t<div class=\"elementor-element elementor-element-4f9c511 e-con-full e-flex e-con e-parent\" data-id=\"4f9c511\" data-element_type=\"container\">\n\t\t\t\t<div class=\"elementor-element elementor-element-10cc51e elementor-widget elementor-widget-banner-title\" data-id=\"10cc51e\" data-element_type=\"widget\" data-widget_type=\"banner-title.default\">\n\t\t\t\t<div class=\"elementor-widget-container\">\n\t\t\t\t\t<section class=\"container-fluid top-banner no-padd  big fullheight light\">\t\t\t\t<span class=\"overlay\"><\/span>\r\n\t\t\t<img decoding=\"async\" src=\"https:\/\/inoxdream.pt\/wp-content\/uploads\/2025\/01\/HomeOp2.webp\" class=\"s-img-switch\" alt=\"\" \/>\t\t\t<div class=\"content\">\r\n\t\t\t\t<div class=\"prague-svg-animation-text\">\r\n\t\t\t\t\t\t\t\t\t<\/div>\r\n\t\t\t\t<div class=\"subtitle\">INOXDREAM<\/div>\t\t\t\t<h1 class=\"title\">Nous transformons vos id\u00e9es en solutions innovantes.<\/h1>\t\t\t\t<div class=\"description\"><p><p>Des solutions m\u00e9tallurgiques sur mesure pour vos ambitions.<\/p><\/p><\/div>\t\t\t\t\t\t\t\t\t\t<a href=\"https:\/\/inoxdream.pt\/projetos\" class=\"a-btn creative\" >\r\n\t\t\t\t\t\t\t<span class=\"a-btn-line\"><\/span>\r\n\t\t\t\t\t\t\tEXPLORER\t\t\t\t\t\t<\/a>\r\n\t\t\t\t\t\t\t\t<\/div>\r\n\t\t\t<div class=\"top-banner-cursor\"><\/div>\r\n\t\t<\/section>\r\n\t\t\t\t<\/div>\n\t\t\t\t<\/div>\n\t\t\t\t<\/div>\n\t\t<div class=\"elementor-element elementor-element-611a8dd7 e-flex e-con-boxed e-con e-parent\" data-id=\"611a8dd7\" data-element_type=\"container\">\n\t\t\t\t\t<div class=\"e-con-inner\">\n\t\t\t\t<div class=\"elementor-element elementor-element-20651fe8 elementor-widget__width-initial elementor-widget elementor-widget-counters-widget\" data-id=\"20651fe8\" data-element_type=\"widget\" data-widget_type=\"counters-widget.default\">\n\t\t\t\t<div class=\"elementor-widget-container\">\n\t\t\t\t\t\t\t<div class=\"prague-counter  alone_item no-figure\">\r\n\r\n          <div class=\"figures none\">\r\n             <!-- triangle -->\r\n                          <svg xmlns=\"http:\/\/www.w3.org\/2000\/svg\" viewBox=\"0 0 200 200\"\r\n                preserveAspectRatio=\"xMidYMid meet\" >\r\n                                      <polygon points=\"\"  \/>\r\n                               <\/svg>\r\n                       <\/div>\r\n\r\n            <div class=\"counter-outer\"  style=\"padding:15px;\">\r\n\r\n\t\t\t\t<img decoding=\"async\" src=\"https:\/\/inoxdream.pt\/wp-content\/uploads\/2025\/01\/Sobre-Nos-Home.webp\" class=\"prague-counter-img s-img-switch\" alt=\"\" \/>          \r\n                                          <div class=\"numbers\">\r\n                                        <svg>\r\n                        <defs>\r\n                          <mask id=\"coming_mask_0\" x=\"0\" y=\"0\">\r\n                            <rect class=\"coming-alpha\" x=\"0\" y=\"0\" width=\"100%\" height=\"100%\"><\/rect>\r\n                                                        <text class=\"count number\" x=\"50%\" y=\"45%\" text-anchor=\"middle\" alignment-baseline=\"middle\">14<\/text>\r\n                                                                                    <text class=\"count title\" x=\"50%\" y=\"70%\" text-anchor=\"middle\" alignment-baseline=\"middle\" >ANOS DE EXPER\u00caNCIA<\/text>\r\n                                                      <\/mask>\r\n                        <\/defs>\r\n                        <rect style=\"-webkit-mask: url(#coming_mask_0); mask: url(#coming_mask_0);\" class=\"base\" x=\"0\" y=\"0\" width=\"100%\" height=\"100%\"><\/rect>\r\n                      <\/svg>\r\n                      \r\n                  \r\n                                <\/div>\r\n              \r\n            <\/div>\r\n        <\/div>\r\n\t\t\t\t\t<\/div>\n\t\t\t\t<\/div>\n\t\t\t\t<div class=\"elementor-element elementor-element-142cf12b elementor-widget__width-initial elementor-widget elementor-widget-headings-widget\" data-id=\"142cf12b\" data-element_type=\"widget\" data-widget_type=\"headings-widget.default\">\n\t\t\t\t<div class=\"elementor-widget-container\">\n\t\t\t            <div class=\"heading  left dark \">\r\n\t\t\t\t\r\n\t\t\t\t                    <div class=\"subtitle \">QUI SOMMES-NOUS<\/div>\r\n                                                    <h2 class=\"title s\">Innovation et excellence dans la m\u00e9tallurgie nationale et internationale.<\/h2>\r\n                \t\t\t\t                <div class=\"content \">\r\n                    <p><p>Inoxdream fournit des services dans le domaine de la m\u00e9tallerie civile, de la construction de structures m\u00e9talliques et de la fabrication d'\u00e9quipements industriels. Avec plus de 14 ans d'exp\u00e9rience, cette entreprise jeune et dynamique est d\u00e9j\u00e0 consolid\u00e9e sur le march\u00e9 national et international, se distinguant par sa qualit\u00e9 et son innovation dans le secteur m\u00e9tallurgique.<\/p><\/p><\/div>\r\n\t\t\t\t\r\n            <\/div>\r\n\t\t\t\t\t<\/div>\n\t\t\t\t<\/div>\n\t\t\t\t\t<\/div>\n\t\t\t\t<\/div>\n\t\t<div class=\"elementor-element elementor-element-6c5dc279 e-flex e-con-boxed e-con e-parent\" data-id=\"6c5dc279\" data-element_type=\"container\">\n\t\t\t\t\t<div class=\"e-con-inner\">\n\t\t\t\t<div class=\"elementor-element elementor-element-59fceaf5 elementor-widget__width-inherit elementor-widget elementor-widget-headings-widget\" data-id=\"59fceaf5\" data-element_type=\"widget\" data-widget_type=\"headings-widget.default\">\n\t\t\t\t<div class=\"elementor-widget-container\">\n\t\t\t            <div class=\"heading  left dark \">\r\n\t\t\t\t\r\n\t\t\t\t                    <div class=\"subtitle \">PROJETS<\/div>\r\n                                                    <h2 class=\"title s\">Innovation et Qualit\u00e9 au Service des Clients<\/h2>\r\n                \t\t\t\t                <div class=\"content \">\r\n                    <p><p>Forte de l'exp\u00e9rience de son \u00e9quipe, de la recherche d'innovation et d'une strat\u00e9gie organisationnelle solide, Inoxdream est orient\u00e9e vers l'\u00e9volution et l'am\u00e9lioration continue, ce qui lui permet de satisfaire les besoins de ses clients.<\/p><p>Pour y parvenir, elle travaille avec des \u00e9quipements de pointe et une technologie avanc\u00e9e, garantissant des solutions efficaces et de haute qualit\u00e9.<\/p><\/p><\/div>\r\n\t\t\t\t                        <a href=\"https:\/\/inoxdream.pt\/servicos\"\r\n                           class=\"a-btn dark creative\"\r\n                           target=\"\">\r\n                            <span class=\"a-btn-line\"><\/span>\r\n\t\t\t\t\t\t\tVOIR PLUS                        <\/a>\r\n\t\t\t\t\t\r\n            <\/div>\r\n\t\t\t\t\t<\/div>\n\t\t\t\t<\/div>\n\t\t\t\t\t<\/div>\n\t\t\t\t<\/div>\n\t\t<div class=\"elementor-element elementor-element-8cbb1d2 e-con-full e-flex e-con e-parent\" data-id=\"8cbb1d2\" data-element_type=\"container\" data-settings=\"{&quot;background_background&quot;:&quot;classic&quot;}\">\n\t\t\t\t<div class=\"elementor-element elementor-element-1a1113a elementor-widget__width-inherit elementor-widget elementor-widget-banner-slider\" data-id=\"1a1113a\" data-element_type=\"widget\" data-widget_type=\"banner-slider.default\">\n\t\t\t\t<div class=\"elementor-widget-container\">\n\t\t\t\r\n\t\t\t<div class=\"banner-slider-wrap andra \">\r\n\t\t\t\t<div class=\"swiper-container swiper  \"\r\n\t\t\t\t\t data-mouse=\"0\" data-autoplay=\"3000\"\r\n\t\t\t\t\t data-loop=\"1\" data-speed=\"500\" data-center=\"1\"\r\n\t\t\t\t\t data-space-between=\"30\" data-pagination-type=\"fraction\"\r\n\t\t\t\t\t data-mode=\"horizontal\">\r\n\t\t\t\t\t<div class=\"swiper-wrapper\">\r\n\t\t\t\t\t\t\t\t\t\t\t\t\t<div class=\"swiper-slide swiper-no-swiping full-height-window-hard\">\r\n\t\t\t\t\t\t\t\t<img decoding=\"async\" src=\"https:\/\/inoxdream.pt\/wp-content\/uploads\/2025\/01\/IMG-20241211-WA0055.jpg\" class=\"s-img-switch\" alt=\"\" \/>\t\t\t\t\t\t\t<\/div>\r\n\t\t\t\t\t\t\t\t\t\t\t\t\t\t<div class=\"swiper-slide swiper-no-swiping full-height-window-hard\">\r\n\t\t\t\t\t\t\t\t<img decoding=\"async\" src=\"https:\/\/inoxdream.pt\/wp-content\/uploads\/2025\/01\/IMG-20241211-WA0049.jpg\" class=\"s-img-switch\" alt=\"\" \/>\t\t\t\t\t\t\t<\/div>\r\n\t\t\t\t\t\t\t\t\t\t\t\t\t\t<div class=\"swiper-slide swiper-no-swiping full-height-window-hard\">\r\n\t\t\t\t\t\t\t\t<img decoding=\"async\" src=\"https:\/\/inoxdream.pt\/wp-content\/uploads\/2025\/01\/IMG-20241211-WA0048.jpg\" class=\"s-img-switch\" alt=\"\" \/>\t\t\t\t\t\t\t<\/div>\r\n\t\t\t\t\t\t\t\t\t\t\t\t\t\t<div class=\"swiper-slide swiper-no-swiping full-height-window-hard\">\r\n\t\t\t\t\t\t\t\t<img decoding=\"async\" src=\"https:\/\/inoxdream.pt\/wp-content\/uploads\/2025\/01\/IMG-20241211-WA0043.jpg\" class=\"s-img-switch\" alt=\"\" \/>\t\t\t\t\t\t\t<\/div>\r\n\t\t\t\t\t\t\t\t\t\t\t\t\t\t<div class=\"swiper-slide swiper-no-swiping full-height-window-hard\">\r\n\t\t\t\t\t\t\t\t<img decoding=\"async\" src=\"https:\/\/inoxdream.pt\/wp-content\/uploads\/2025\/01\/IMG-20241211-WA0042.jpg\" class=\"s-img-switch\" alt=\"\" \/>\t\t\t\t\t\t\t<\/div>\r\n\t\t\t\t\t\t\t\t\t\t\t\t\t\t<div class=\"swiper-slide swiper-no-swiping full-height-window-hard\">\r\n\t\t\t\t\t\t\t\t<img decoding=\"async\" src=\"https:\/\/inoxdream.pt\/wp-content\/uploads\/2025\/01\/IMG-20241211-WA0040.jpg\" class=\"s-img-switch\" alt=\"\" \/>\t\t\t\t\t\t\t<\/div>\r\n\t\t\t\t\t\t\t\t\t\t\t\t\t\t<div class=\"swiper-slide swiper-no-swiping full-height-window-hard\">\r\n\t\t\t\t\t\t\t\t<img decoding=\"async\" src=\"https:\/\/inoxdream.pt\/wp-content\/uploads\/2025\/01\/IMG-20241211-WA0036.jpg\" class=\"s-img-switch\" alt=\"\" \/>\t\t\t\t\t\t\t<\/div>\r\n\t\t\t\t\t\t\t\t\t\t\t\t\t\t<div class=\"swiper-slide swiper-no-swiping full-height-window-hard\">\r\n\t\t\t\t\t\t\t\t<img decoding=\"async\" src=\"https:\/\/inoxdream.pt\/wp-content\/uploads\/2025\/01\/IMG-20241211-WA0030.jpg\" class=\"s-img-switch\" alt=\"\" \/>\t\t\t\t\t\t\t<\/div>\r\n\t\t\t\t\t\t\t\t\t\t\t\t\t\t<div class=\"swiper-slide swiper-no-swiping full-height-window-hard\">\r\n\t\t\t\t\t\t\t\t<img decoding=\"async\" src=\"https:\/\/inoxdream.pt\/wp-content\/uploads\/2025\/01\/IMG-20241211-WA0029.jpg\" class=\"s-img-switch\" alt=\"\" \/>\t\t\t\t\t\t\t<\/div>\r\n\t\t\t\t\t\t\t\t\t\t\t\t\t\t<div class=\"swiper-slide swiper-no-swiping full-height-window-hard\">\r\n\t\t\t\t\t\t\t\t<img decoding=\"async\" src=\"https:\/\/inoxdream.pt\/wp-content\/uploads\/2025\/01\/IMG-20241211-WA0028.jpg\" class=\"s-img-switch\" alt=\"\" \/>\t\t\t\t\t\t\t<\/div>\r\n\t\t\t\t\t\t\t\t\t\t\t\t\t\t<div class=\"swiper-slide swiper-no-swiping full-height-window-hard\">\r\n\t\t\t\t\t\t\t\t<img decoding=\"async\" src=\"https:\/\/inoxdream.pt\/wp-content\/uploads\/2025\/01\/IMG-20241211-WA0027.jpg\" class=\"s-img-switch\" alt=\"\" \/>\t\t\t\t\t\t\t<\/div>\r\n\t\t\t\t\t\t\t\t\t\t\t\t\t\t<div class=\"swiper-slide swiper-no-swiping full-height-window-hard\">\r\n\t\t\t\t\t\t\t\t<img decoding=\"async\" src=\"https:\/\/inoxdream.pt\/wp-content\/uploads\/2025\/01\/IMG-20241211-WA0024.jpg\" class=\"s-img-switch\" alt=\"\" \/>\t\t\t\t\t\t\t<\/div>\r\n\t\t\t\t\t\t\t\t\t\t\t\t<\/div>\r\n\t\t\t\t\t<div class=\"pag-wrapper\">\r\n\t\t\t\t\t\t<div class=\"swiper-pagination\"><\/div>\r\n\t\t\t\t\t<\/div>\r\n\t\t\t\t<\/div>\r\n\t\t\t<\/div>\r\n\t\t\t\t<\/div>\n\t\t\t\t<\/div>\n\t\t\t\t<\/div>\n\t\t<div class=\"elementor-element elementor-element-aefcd76 e-grid e-con-boxed e-con e-parent\" data-id=\"aefcd76\" data-element_type=\"container\">\n\t\t\t\t\t<div class=\"e-con-inner\">\n\t\t<div class=\"elementor-element elementor-element-a5fc4d5 e-con-full box_qual e-flex e-con e-child\" data-id=\"a5fc4d5\" data-element_type=\"container\">\n\t\t\t\t<div class=\"elementor-element elementor-element-18d5b33 elementor-widget elementor-widget-image\" data-id=\"18d5b33\" data-element_type=\"widget\" data-widget_type=\"image.default\">\n\t\t\t\t<div class=\"elementor-widget-container\">\n\t\t\t\t\t\t\t\t\t\t\t\t\t<img fetchpriority=\"high\" decoding=\"async\" width=\"512\" height=\"512\" src=\"https:\/\/inoxdream.pt\/wp-content\/uploads\/2025\/01\/Experiencia.png\" class=\"attachment-large size-large wp-image-5575\" alt=\"\" srcset=\"https:\/\/inoxdream.pt\/wp-content\/uploads\/2025\/01\/Experiencia.png 512w, https:\/\/inoxdream.pt\/wp-content\/uploads\/2025\/01\/Experiencia-300x300.png 300w, https:\/\/inoxdream.pt\/wp-content\/uploads\/2025\/01\/Experiencia-150x150.png 150w, https:\/\/inoxdream.pt\/wp-content\/uploads\/2025\/01\/Experiencia-500x500.png 500w\" sizes=\"(max-width: 512px) 100vw, 512px\" \/>\t\t\t\t\t\t\t\t\t\t\t\t\t<\/div>\n\t\t\t\t<\/div>\n\t\t\t\t<div class=\"elementor-element elementor-element-56f90d3 elementor-widget elementor-widget-icon-box\" data-id=\"56f90d3\" data-element_type=\"widget\" data-widget_type=\"icon-box.default\">\n\t\t\t\t<div class=\"elementor-widget-container\">\n\t\t\t\t\t<div class=\"elementor-icon-box-wrapper\">\n\n\t\t\t\n\t\t\t\t\t\t<div class=\"elementor-icon-box-content\">\n\n\t\t\t\t\t\t\t\t\t<h3 class=\"elementor-icon-box-title\">\n\t\t\t\t\t\t<span  >\n\t\t\t\t\t\t\t14 ans d'exp\u00e9rience\t\t\t\t\t\t<\/span>\n\t\t\t\t\t<\/h3>\n\t\t\t\t\n\t\t\t\t\t\t\t\t\t<p class=\"elementor-icon-box-description\">\n\t\t\t\t\t\tInoxdream a commenc\u00e9 son activit\u00e9 en 2010 et a accumul\u00e9 12 ans d'exp\u00e9rience et de croissance dans le secteur m\u00e9tallurgique, se distinguant par la qualit\u00e9 et l'innovation de ses solutions dans le domaine de la m\u00e9tallurgie.\t\t\t\t\t<\/p>\n\t\t\t\t\n\t\t\t<\/div>\n\t\t\t\n\t\t<\/div>\n\t\t\t\t<\/div>\n\t\t\t\t<\/div>\n\t\t\t\t<\/div>\n\t\t<div class=\"elementor-element elementor-element-c2a2b87 e-con-full box_qual e-flex e-con e-child\" data-id=\"c2a2b87\" data-element_type=\"container\">\n\t\t\t\t<div class=\"elementor-element elementor-element-0dd9b5d elementor-widget elementor-widget-image\" data-id=\"0dd9b5d\" data-element_type=\"widget\" data-widget_type=\"image.default\">\n\t\t\t\t<div class=\"elementor-widget-container\">\n\t\t\t\t\t\t\t\t\t\t\t\t\t<img decoding=\"async\" width=\"512\" height=\"512\" src=\"https:\/\/inoxdream.pt\/wp-content\/uploads\/2025\/01\/Materiais.png\" class=\"attachment-large size-large wp-image-5573\" alt=\"\" srcset=\"https:\/\/inoxdream.pt\/wp-content\/uploads\/2025\/01\/Materiais.png 512w, https:\/\/inoxdream.pt\/wp-content\/uploads\/2025\/01\/Materiais-300x300.png 300w, https:\/\/inoxdream.pt\/wp-content\/uploads\/2025\/01\/Materiais-150x150.png 150w, https:\/\/inoxdream.pt\/wp-content\/uploads\/2025\/01\/Materiais-500x500.png 500w\" sizes=\"(max-width: 512px) 100vw, 512px\" \/>\t\t\t\t\t\t\t\t\t\t\t\t\t<\/div>\n\t\t\t\t<\/div>\n\t\t\t\t<div class=\"elementor-element elementor-element-efcec67 elementor-widget elementor-widget-icon-box\" data-id=\"efcec67\" data-element_type=\"widget\" data-widget_type=\"icon-box.default\">\n\t\t\t\t<div class=\"elementor-widget-container\">\n\t\t\t\t\t<div class=\"elementor-icon-box-wrapper\">\n\n\t\t\t\n\t\t\t\t\t\t<div class=\"elementor-icon-box-content\">\n\n\t\t\t\t\t\t\t\t\t<h3 class=\"elementor-icon-box-title\">\n\t\t\t\t\t\t<span  >\n\t\t\t\t\t\t\tMat\u00e9riaux de haute qualit\u00e9\t\t\t\t\t\t<\/span>\n\t\t\t\t\t<\/h3>\n\t\t\t\t\n\t\t\t\t\t\t\t\t\t<p class=\"elementor-icon-box-description\">\n\t\t\t\t\t\tNous transformons et mettons en \u0153uvre une large gamme de mati\u00e8res premi\u00e8res, en garantissant toujours la plus haute qualit\u00e9, l'innovation et l'excellence dans chaque processus.\t\t\t\t\t<\/p>\n\t\t\t\t\n\t\t\t<\/div>\n\t\t\t\n\t\t<\/div>\n\t\t\t\t<\/div>\n\t\t\t\t<\/div>\n\t\t\t\t<\/div>\n\t\t<div class=\"elementor-element elementor-element-3a4a096 e-con-full box_qual e-flex e-con e-child\" data-id=\"3a4a096\" data-element_type=\"container\">\n\t\t\t\t<div class=\"elementor-element elementor-element-05a8ec9 elementor-widget elementor-widget-image\" data-id=\"05a8ec9\" data-element_type=\"widget\" data-widget_type=\"image.default\">\n\t\t\t\t<div class=\"elementor-widget-container\">\n\t\t\t\t\t\t\t\t\t\t\t\t\t<img decoding=\"async\" width=\"512\" height=\"512\" src=\"https:\/\/inoxdream.pt\/wp-content\/uploads\/2025\/01\/SobMedida.png\" class=\"attachment-large size-large wp-image-5574\" alt=\"\" srcset=\"https:\/\/inoxdream.pt\/wp-content\/uploads\/2025\/01\/SobMedida.png 512w, https:\/\/inoxdream.pt\/wp-content\/uploads\/2025\/01\/SobMedida-300x300.png 300w, https:\/\/inoxdream.pt\/wp-content\/uploads\/2025\/01\/SobMedida-150x150.png 150w, https:\/\/inoxdream.pt\/wp-content\/uploads\/2025\/01\/SobMedida-500x500.png 500w\" sizes=\"(max-width: 512px) 100vw, 512px\" \/>\t\t\t\t\t\t\t\t\t\t\t\t\t<\/div>\n\t\t\t\t<\/div>\n\t\t\t\t<div class=\"elementor-element elementor-element-e6504bf elementor-widget elementor-widget-icon-box\" data-id=\"e6504bf\" data-element_type=\"widget\" data-widget_type=\"icon-box.default\">\n\t\t\t\t<div class=\"elementor-widget-container\">\n\t\t\t\t\t<div class=\"elementor-icon-box-wrapper\">\n\n\t\t\t\n\t\t\t\t\t\t<div class=\"elementor-icon-box-content\">\n\n\t\t\t\t\t\t\t\t\t<h3 class=\"elementor-icon-box-title\">\n\t\t\t\t\t\t<span  >\n\t\t\t\t\t\t\tTravail sur mesure  \t\t\t\t\t\t<\/span>\n\t\t\t\t\t<\/h3>\n\t\t\t\t\n\t\t\t\t\t\t\t\t\t<p class=\"elementor-icon-box-description\">\n\t\t\t\t\t\tNous d\u00e9veloppons des projets sur mesure adapt\u00e9s \u00e0 vos besoins sp\u00e9cifiques. Nous travaillons en \u00e9troite collaboration avec nos clients pour transformer et enrichir leurs id\u00e9es, en garantissant des solutions uniques et excellentes.\t\t\t\t\t<\/p>\n\t\t\t\t\n\t\t\t<\/div>\n\t\t\t\n\t\t<\/div>\n\t\t\t\t<\/div>\n\t\t\t\t<\/div>\n\t\t\t\t<\/div>\n\t\t<div class=\"elementor-element elementor-element-eb120c3 e-con-full box_qual e-flex e-con e-child\" data-id=\"eb120c3\" data-element_type=\"container\">\n\t\t\t\t<div class=\"elementor-element elementor-element-30f63b2 elementor-widget elementor-widget-image\" data-id=\"30f63b2\" data-element_type=\"widget\" data-widget_type=\"image.default\">\n\t\t\t\t<div class=\"elementor-widget-container\">\n\t\t\t\t\t\t\t\t\t\t\t\t\t<img loading=\"lazy\" decoding=\"async\" width=\"512\" height=\"512\" src=\"https:\/\/inoxdream.pt\/wp-content\/uploads\/2025\/01\/Inovador.png\" class=\"attachment-large size-large wp-image-5572\" alt=\"\" srcset=\"https:\/\/inoxdream.pt\/wp-content\/uploads\/2025\/01\/Inovador.png 512w, https:\/\/inoxdream.pt\/wp-content\/uploads\/2025\/01\/Inovador-300x300.png 300w, https:\/\/inoxdream.pt\/wp-content\/uploads\/2025\/01\/Inovador-150x150.png 150w, https:\/\/inoxdream.pt\/wp-content\/uploads\/2025\/01\/Inovador-500x500.png 500w\" sizes=\"(max-width: 512px) 100vw, 512px\" \/>\t\t\t\t\t\t\t\t\t\t\t\t\t<\/div>\n\t\t\t\t<\/div>\n\t\t\t\t<div class=\"elementor-element elementor-element-e1d8927 elementor-widget elementor-widget-icon-box\" data-id=\"e1d8927\" data-element_type=\"widget\" data-widget_type=\"icon-box.default\">\n\t\t\t\t<div class=\"elementor-widget-container\">\n\t\t\t\t\t<div class=\"elementor-icon-box-wrapper\">\n\n\t\t\t\n\t\t\t\t\t\t<div class=\"elementor-icon-box-content\">\n\n\t\t\t\t\t\t\t\t\t<h3 class=\"elementor-icon-box-title\">\n\t\t\t\t\t\t<span  >\n\t\t\t\t\t\t\tSolutions innovantes\t\t\t\t\t\t<\/span>\n\t\t\t\t\t<\/h3>\n\t\t\t\t\n\t\t\t\t\t\t\t\t\t<p class=\"elementor-icon-box-description\">\n\t\t\t\t\t\tNous travaillons quotidiennement \u00e0 l'\u00e9laboration de solutions innovantes ax\u00e9es sur les besoins de nos clients, afin de promouvoir leur satisfaction et leur confiance dans nos services.\t\t\t\t\t<\/p>\n\t\t\t\t\n\t\t\t<\/div>\n\t\t\t\n\t\t<\/div>\n\t\t\t\t<\/div>\n\t\t\t\t<\/div>\n\t\t\t\t<\/div>\n\t\t\t\t\t<\/div>\n\t\t\t\t<\/div>\n\t\t<div class=\"elementor-element elementor-element-e2effc4 e-flex e-con-boxed e-con e-parent\" data-id=\"e2effc4\" data-element_type=\"container\" data-settings=\"{&quot;background_background&quot;:&quot;classic&quot;}\">\n\t\t\t\t\t<div class=\"e-con-inner\">\n\t\t\t\t<div class=\"elementor-element elementor-element-b00f810 elementor-widget__width-inherit elementor-widget elementor-widget-headings-widget\" data-id=\"b00f810\" data-element_type=\"widget\" data-widget_type=\"headings-widget.default\">\n\t\t\t\t<div class=\"elementor-widget-container\">\n\t\t\t            <div class=\"heading  Center light vertical_line\">\r\n\t\t\t\t\r\n\t\t\t\t                                    <h2 class=\"title s\">Vous souhaitez demander un devis ?<\/h2>\r\n                \t\t\t\t                <div class=\"content \">\r\n                    <p>&nbsp;<\/p><\/div>\r\n\t\t\t\t                        <a href=\"https:\/\/inoxdream.pt\/contactos\"\r\n                           class=\"a-btn light simple\"\r\n                           target=\"\">\r\n                            <span class=\"a-btn-line\"><\/span>\r\n\t\t\t\t\t\t\tCONTACTEZ-NOUS!                        <\/a>\r\n\t\t\t\t\t\r\n            <\/div>\r\n\t\t\t\t\t<\/div>\n\t\t\t\t<\/div>\n\t\t\t\t\t<\/div>\n\t\t\t\t<\/div>\n\t\t<div class=\"elementor-element elementor-element-033d300 e-flex e-con-boxed e-con e-parent\" data-id=\"033d300\" data-element_type=\"container\">\n\t\t\t\t\t<div class=\"e-con-inner\">\n\t\t\t\t<div class=\"elementor-element elementor-element-44a7f97 elementor-widget__width-inherit elementor-widget elementor-widget-headings-widget\" data-id=\"44a7f97\" data-element_type=\"widget\" data-widget_type=\"headings-widget.default\">\n\t\t\t\t<div class=\"elementor-widget-container\">\n\t\t\t            <div class=\"heading  left dark \">\r\n\t\t\t\t\r\n\t\t\t\t                    <div class=\"subtitle \">FEEDBACKS<\/div>\r\n                                                    <h2 class=\"title s\">Ce qu'ils disent de nous<\/h2>\r\n                \t\t\t\t\r\n\t\t\t\t\r\n            <\/div>\r\n\t\t\t\t\t<\/div>\n\t\t\t\t<\/div>\n\t\t\t\t\t<\/div>\n\t\t\t\t<\/div>\n\t\t<div class=\"elementor-element elementor-element-b635323 e-flex e-con-boxed e-con e-parent\" data-id=\"b635323\" data-element_type=\"container\">\n\t\t\t\t\t<div class=\"e-con-inner\">\n\t\t\t\t<div class=\"elementor-element elementor-element-55ed7c5 elementor-widget__width-inherit elementor-widget elementor-widget-testimonials-widget\" data-id=\"55ed7c5\" data-element_type=\"widget\" data-widget_type=\"testimonials-widget.default\">\n\t\t\t\t<div class=\"elementor-widget-container\">\n\t\t\t\t\t\t<div class=\"testimonials-wrapper no-figure\">\r\n\t\t\t\t<div class=\"testimonials-swiper swiper-container\" data-speed='3000' data-loop='1' data-autoplay='2000' data-center='0' data-mode='vertical' data-slides-per-view='1' data-lg-slides='1,0' data-md-slides='1,0' data-sm-slides='1,0' data-xs-slides='1,0'>\r\n\t\t\t\t<!-- Additional required wrapper -->\r\n\t\t\t\t\t<div class=\"swiper-wrapper\"> \r\n\t\t\t\t\t\t\t\t\t\t\t<div class=\"swiper-slide\">\r\n\t\t\t\t\t\t\t<div class=\"testimonials-item\">\r\n\t\t\t\t\t\t\t\t\t\t\t\t\t\t\t\t<span class=\"testimonials-icon fa fas fa-quote-right\"><\/span>\r\n\t\t\t\t\t\t\t\t\t\t\t\t\r\n\t\t\t\t\t\t\t\t\t\t\t\t\t\t\t\t\t<blockquote class=\"testimonials-description\"><p>Je peux dire avec plaisir que travailler avec l\u2019\u00e9quipe d\u2019Inoxdream a \u00e9t\u00e9 une exp\u00e9rience tr\u00e8s enrichissante. Qualit\u00e9, professionnalisme et souci du d\u00e9tail sont les ma\u00eetres mots de l'entreprise, ce qui fait de tout projet r\u00e9alis\u00e9 ensemble une exp\u00e9rience tr\u00e8s r\u00e9ussie. Je suis s\u00fbr que le travail d\u2019Inoxdream continuera d\u2019\u00eatre une r\u00e9f\u00e9rence dans le secteur.<\/p><\/blockquote>\r\n\t\t\t\t\t\t\t\t\t\t\t\t\t\t\t\t\t\t\t\t\t\t\t\t\t\t<h4 class=\"testimonials-author\">Eng.\u00ba Pedro Paiva<\/h4>\r\n\t\t\t\t\t\t\t\t\t\t\t\t\t\t\t<\/div>\r\n\t\t\t\t\t\t<\/div>   \r\n\t\t\t\t\t\t\t\t\t\t\t<div class=\"swiper-slide\">\r\n\t\t\t\t\t\t\t<div class=\"testimonials-item\">\r\n\t\t\t\t\t\t\t\t\t\t\t\t\t\t\t\t<span class=\"testimonials-icon fa fas fa-quote-right\"><\/span>\r\n\t\t\t\t\t\t\t\t\t\t\t\t\r\n\t\t\t\t\t\t\t\t\t\t\t\t\t\t\t\t\t<blockquote class=\"testimonials-description\"><p>Je remercie Inoxdream pour l'excellent travail r\u00e9alis\u00e9, le professionnalisme et le d\u00e9vouement. Ils \u00e9taient infatigables. Merci beaucoup.<\/p><\/blockquote>\r\n\t\t\t\t\t\t\t\t\t\t\t\t\t\t\t\t\t\t\t\t\t\t\t\t\t\t<h4 class=\"testimonials-author\">Carlos Guerreiro<\/h4>\r\n\t\t\t\t\t\t\t\t\t\t\t\t\t\t\t<\/div>\r\n\t\t\t\t\t\t<\/div>   \r\n\t\t\t\t\t\t\t\t\t\t\t<div class=\"swiper-slide\">\r\n\t\t\t\t\t\t\t<div class=\"testimonials-item\">\r\n\t\t\t\t\t\t\t\t\t\t\t\t\t\t\t\t<span class=\"testimonials-icon fa fas fa-quote-right\"><\/span>\r\n\t\t\t\t\t\t\t\t\t\t\t\t\r\n\t\t\t\t\t\t\t\t\t\t\t\t\t\t\t\t\t<blockquote class=\"testimonials-description\"><p>Nous avons lanc\u00e9 un d\u00e9fi exigeant de soudage, d'usinage et de polissage pour Inoxdream. Ce d\u00e9fi a \u00e9t\u00e9 accept\u00e9 avec plaisir et relev\u00e9 en peu de temps. Le r\u00e9sultat obtenu est de haute qualit\u00e9 et je suis pleinement confiant que nous utiliserons cette entreprise pour de futurs projets.<\/p><\/blockquote>\r\n\t\t\t\t\t\t\t\t\t\t\t\t\t\t\t\t\t\t\t\t\t\t\t\t\t\t<h4 class=\"testimonials-author\">Lu\u00eds Coelho<\/h4>\r\n\t\t\t\t\t\t\t\t\t\t\t\t\t\t\t<\/div>\r\n\t\t\t\t\t\t<\/div>   \r\n\t\t\t\t\t\t\t\t\t\t<\/div>\r\n\t\t\t\t\t<!-- If we need pagination -->\r\n\t\t\t\t\t<div class=\"testimonials-pagination-wrapper\">\r\n\t\t\t\t\t\t<div class=\"swiper-pagination \"><\/div>\r\n\t\t\t\t\t<\/div>\r\n\t\t\t\t<\/div>\r\n\t\t\t\t \r\n\t\t\t<\/div>\r\n\t\t\t\t\t<\/div>\n\t\t\t\t<\/div>\n\t\t\t\t\t<\/div>\n\t\t\t\t<\/div>\n\t\t\t\t<\/div>\n\t\t","protected":false},"excerpt":{"rendered":"<p>14 ans d&rsquo;exp\u00e9rience Inoxdream a commenc\u00e9 son activit\u00e9 en 2010 et a accumul\u00e9 12 ans d&rsquo;exp\u00e9rience et de croissance dans<\/p>\n","protected":false},"author":1,"featured_media":0,"parent":0,"menu_order":0,"comment_status":"closed","ping_status":"closed","template":"elementor_header_footer","meta":{"footnotes":""},"featured_image_src":"","featured_image_src_square":"","_links":{"self":[{"href":"https:\/\/inoxdream.pt\/fr\/wp-json\/wp\/v2\/pages\/6600"}],"collection":[{"href":"https:\/\/inoxdream.pt\/fr\/wp-json\/wp\/v2\/pages"}],"about":[{"href":"https:\/\/inoxdream.pt\/fr\/wp-json\/wp\/v2\/types\/page"}],"author":[{"embeddable":true,"href":"https:\/\/inoxdream.pt\/fr\/wp-json\/wp\/v2\/users\/1"}],"replies":[{"embeddable":true,"href":"https:\/\/inoxdream.pt\/fr\/wp-json\/wp\/v2\/comments?post=6600"}],"version-history":[{"count":30,"href":"https:\/\/inoxdream.pt\/fr\/wp-json\/wp\/v2\/pages\/6600\/revisions"}],"predecessor-version":[{"id":7082,"href":"https:\/\/inoxdream.pt\/fr\/wp-json\/wp\/v2\/pages\/6600\/revisions\/7082"}],"wp:attachment":[{"href":"https:\/\/inoxdream.pt\/fr\/wp-json\/wp\/v2\/media?parent=6600"}],"curies":[{"name":"wp","href":"https:\/\/api.w.org\/{rel}","templated":true}]}}